{"id":3543,"date":"2020-07-04T17:50:23","date_gmt":"2020-07-04T15:50:23","guid":{"rendered":"https:\/\/www.solarzentrum-hamburg.de\/?page_id=3543"},"modified":"2024-02-20T16:34:30","modified_gmt":"2024-02-20T15:34:30","slug":"solargutachten","status":"publish","type":"page","link":"https:\/\/www.solarzentrum-hamburg.de\/?page_id=3543","title":{"rendered":"DGS-Gutachter"},"content":{"rendered":"<h4><\/h4>\n<h4><strong>DGS-Sachverst\u00e4ndige<br \/>\n<\/strong><\/h4>\n<p>Sie haben \u00c4rger mit dem Errichter Ihrer thermischen Solaranlage oder PV-Anlage oder Sie ben\u00f6tigen ein Blendgutachten zur geplanten Photovoltaikanlage? Im Rahmen unseres regionalen Netzwerkes von DGS-Sachverst\u00e4ndigen helfen wir Ihnen, die Probleme zu l\u00f6sen, aussergerichtlich aber auch vor Gericht.<\/p>\n<p>Die Kosten f\u00fcr ein solches Gutachten sind abh\u00e4ngig von der Komplexit\u00e4t des Sachverhaltes.<br \/>\nBei Interesse einfach formlos eine E-Mail an <a href=\"mailto:info@solarzentrum-hamburg.de\"><span style=\"color: #ff9900;\">info@solarzentrum-hamburg.de<\/span><\/a>.<\/p>\n","protected":false},"excerpt":{"rendered":"<p>DGS-Sachverst\u00e4ndige Sie haben \u00c4rger mit dem Errichter Ihrer thermischen Solaranlage oder PV-Anlage oder Sie ben\u00f6tigen ein Blendgutachten zur geplanten Photovoltaikanlage? Im Rahmen unseres regionalen Netzwerkes von DGS-Sachverst\u00e4ndigen helfen wir Ihnen, die Probleme zu l\u00f6sen, aussergerichtlich aber auch vor Gericht. Die Kosten f\u00fcr ein solches Gutachten sind abh\u00e4ngig von der Komplexit\u00e4t des Sachverhaltes. Bei Interesse einfach [&hellip;]<\/p>\n","protected":false},"author":4,"featured_media":0,"parent":707,"menu_order":0,"comment_status":"closed","ping_status":"closed","template":"","meta":{"footnotes":""},"class_list":["post-3543","page","type-page","status-publish","hentry"],"_links":{"self":[{"href":"https:\/\/www.solarzentrum-hamburg.de\/index.php?rest_route=\/wp\/v2\/pages\/3543","targetHints":{"allow":["GET"]}}],"collection":[{"href":"https:\/\/www.solarzentrum-hamburg.de\/index.php?rest_route=\/wp\/v2\/pages"}],"about":[{"href":"https:\/\/www.solarzentrum-hamburg.de\/index.php?rest_route=\/wp\/v2\/types\/page"}],"author":[{"embeddable":true,"href":"https:\/\/www.solarzentrum-hamburg.de\/index.php?rest_route=\/wp\/v2\/users\/4"}],"replies":[{"embeddable":true,"href":"https:\/\/www.solarzentrum-hamburg.de\/index.php?rest_route=%2Fwp%2Fv2%2Fcomments&post=3543"}],"version-history":[{"count":12,"href":"https:\/\/www.solarzentrum-hamburg.de\/index.php?rest_route=\/wp\/v2\/pages\/3543\/revisions"}],"predecessor-version":[{"id":4254,"href":"https:\/\/www.solarzentrum-hamburg.de\/index.php?rest_route=\/wp\/v2\/pages\/3543\/revisions\/4254"}],"up":[{"embeddable":true,"href":"https:\/\/www.solarzentrum-hamburg.de\/index.php?rest_route=\/wp\/v2\/pages\/707"}],"wp:attachment":[{"href":"https:\/\/www.solarzentrum-hamburg.de\/index.php?rest_route=%2Fwp%2Fv2%2Fmedia&parent=3543"}],"curies":[{"name":"wp","href":"https:\/\/api.w.org\/{rel}","templated":true}]}}