{"id":3508,"date":"2020-07-04T13:01:40","date_gmt":"2020-07-04T11:01:40","guid":{"rendered":"https:\/\/www.solarzentrum-hamburg.de\/?page_id=3508"},"modified":"2021-04-02T18:01:13","modified_gmt":"2021-04-02T16:01:13","slug":"qualitaetskontrolle","status":"publish","type":"page","link":"https:\/\/www.solarzentrum-hamburg.de\/?page_id=3508","title":{"rendered":"Qualit\u00e4tskontrolle"},"content":{"rendered":"<p>&nbsp;<\/p>\n<h4><strong>Vertrauen ist gut, Kontrolle ist besser oder<br \/>\nQualit\u00e4t ist das Einhalten von Vereinbarungen!<br \/>\n<\/strong><\/h4>\n<p>W\u00e4hrend sich im Bereich der Solarstromanlagen ein Ertragsmonitoring etabliert hat, ist dies bei solarthermischen Anlagen eher die Ausnahme. Viele Regelungen bieten meist nur eine Funktionskontrolle, die momentane Anlagenleistung oder auch die im Laufe eines Betrachtungszeitraums geernteten Kilowattstunden bleiben im Verborgenen.\u00a0 Aufgrund der Erfahrungen aus einem Monitoring-Projekt, in dessen Rahmen durch das SolarZentrum Hamburg mehr als 100 gr\u00f6\u00dfere thermische Solaranlagen in der Stadt untersucht worden sind, konnten wertvolle Erkenntnisse gewonnen werden, die im Rahmen der angebotenen Qualit\u00e4tskontrolle nun angewendet werden k\u00f6nnen. Hinzu kommt, dass Investoren f\u00fcr ein Monitoring bei Anlagen mit Kollektorfl\u00e4chen &gt; 20m2 weitere Zusch\u00fcsse aus dem Hamburger <a href=\"https:\/\/www.ifbhh.de\/foerderprogramm\/erneuerbare-waerme\"><span style=\"color: #ff9900;\">F\u00f6rderprogramm_Erneuerbare Wa\u0308rme<\/span><\/a> erhalten.<\/p>\n<p>Der vom SolarZentrum Hamburg angebotene Service kann folgende Leistungen umfassen:<\/p>\n<p>&#8211; die Beratung zu einem geeigneten Messkonzept,<br \/>\n&#8211; Hilfestellung bei der Beantragung der F\u00f6rdermittel der Stadt Hamburg<br \/>\n&#8211; Abnahme der Anlage nach Inbetriebnahme<br \/>\n&#8211; die Betreuung der Solaranlage f\u00fcr den Zeitraum von 1 Jahr und<br \/>\n&#8211; die Auswertung der Messdaten nach dem ersten Betriebsjahr (inkl. eines Soll-\/Ist-Vergleiches des Solarertrags).<\/p>\n<p>Bei Problemen im Anlagenbetrieb kann unabh\u00e4ngig davon auch ein <span style=\"color: #ff9900;\"><a style=\"color: #ff9900;\" href=\"https:\/\/www.solarzentrum-hamburg.de\/?page_id=3543\">Privatgutachten<\/a> <\/span>erstellt werden.<\/p>\n<p>Die Kosten sind vom objektspezifischen Aufwand abh\u00e4ngig und werden im Einzelfall festgelegt.<br \/>\nHaben Sie Interesse? Dann einfach eine E-Mail an <span style=\"color: #ff9900;\"><a style=\"color: #ff9900;\" href=\"mailto:info@solarzentrum-hamburg.de\">info@solarzentrum-hamburg.de<\/a><\/span><\/p>\n<p>&nbsp;<\/p>\n","protected":false},"excerpt":{"rendered":"<p>&nbsp; Vertrauen ist gut, Kontrolle ist besser oder Qualit\u00e4t ist das Einhalten von Vereinbarungen! W\u00e4hrend sich im Bereich der Solarstromanlagen ein Ertragsmonitoring etabliert hat, ist dies bei solarthermischen Anlagen eher die Ausnahme. Viele Regelungen bieten meist nur eine Funktionskontrolle, die momentane Anlagenleistung oder auch die im Laufe eines Betrachtungszeitraums geernteten Kilowattstunden bleiben im Verborgenen.\u00a0 Aufgrund [&hellip;]<\/p>\n","protected":false},"author":4,"featured_media":0,"parent":707,"menu_order":0,"comment_status":"closed","ping_status":"closed","template":"","meta":{"footnotes":""},"class_list":["post-3508","page","type-page","status-publish","hentry"],"_links":{"self":[{"href":"https:\/\/www.solarzentrum-hamburg.de\/index.php?rest_route=\/wp\/v2\/pages\/3508","targetHints":{"allow":["GET"]}}],"collection":[{"href":"https:\/\/www.solarzentrum-hamburg.de\/index.php?rest_route=\/wp\/v2\/pages"}],"about":[{"href":"https:\/\/www.solarzentrum-hamburg.de\/index.php?rest_route=\/wp\/v2\/types\/page"}],"author":[{"embeddable":true,"href":"https:\/\/www.solarzentrum-hamburg.de\/index.php?rest_route=\/wp\/v2\/users\/4"}],"replies":[{"embeddable":true,"href":"https:\/\/www.solarzentrum-hamburg.de\/index.php?rest_route=%2Fwp%2Fv2%2Fcomments&post=3508"}],"version-history":[{"count":17,"href":"https:\/\/www.solarzentrum-hamburg.de\/index.php?rest_route=\/wp\/v2\/pages\/3508\/revisions"}],"predecessor-version":[{"id":3918,"href":"https:\/\/www.solarzentrum-hamburg.de\/index.php?rest_route=\/wp\/v2\/pages\/3508\/revisions\/3918"}],"up":[{"embeddable":true,"href":"https:\/\/www.solarzentrum-hamburg.de\/index.php?rest_route=\/wp\/v2\/pages\/707"}],"wp:attachment":[{"href":"https:\/\/www.solarzentrum-hamburg.de\/index.php?rest_route=%2Fwp%2Fv2%2Fmedia&parent=3508"}],"curies":[{"name":"wp","href":"https:\/\/api.w.org\/{rel}","templated":true}]}}