{"id":3501,"date":"2020-07-04T12:53:56","date_gmt":"2020-07-04T10:53:56","guid":{"rendered":"https:\/\/www.solarzentrum-hamburg.de\/?page_id=3501"},"modified":"2025-07-31T14:31:22","modified_gmt":"2025-07-31T12:31:22","slug":"angebotscheck","status":"publish","type":"page","link":"https:\/\/www.solarzentrum-hamburg.de\/?page_id=3501","title":{"rendered":"Angebotscheck"},"content":{"rendered":"<div id=\"page\">\n<div id=\"links\">\n<div id=\"main-content\">\n<div class=\"content\">\n<div id=\"c12372\" class=\"csc-default\">\n<div class=\"csc-textpic csc-textpic-left csc-textpic-below csc-textpic-border\">\n<div class=\"csc-textpic-text\">\n<p>&nbsp;<\/p>\n<h4 class=\"bodytext\"><strong>Drum pr\u00fcfe, wer sich ewig bindet<\/strong><\/h4>\n<p class=\"bodytext\">Jeder, der sich eine Solarw\u00e4rme- oder Solarstromanlage auf dem eigenen Haus installieren lassen m\u00f6chte, hat fr\u00fcher oder sp\u00e4ter ein oder mehrere Angebote eines Installationsbetriebs auf dem Tisch, mit dem bzw. mit denen er sich besch\u00e4ftigen muss. In dieser Situation stellt sich h\u00e4ufig die Frage, inwieweit das vorliegende Angebot nicht nur den eigenen Vorstellungen und W\u00fcnschen, sondern auch frei von Fallstricken, \u00fcberfl\u00fcssigen Positionen oder auch einfach vom Preis her \u00fcberzogenen ist.<br \/>\nAufgrund der mitunter sehr unvollst\u00e4ndigen Angaben ist es oft\u00a0 schwierig, Angebote miteinander zu vergleichen bzw. einsch\u00e4tzen zu k\u00f6nnen. Schw\u00e4chen im Angebot k\u00f6nnen sich bis zur Ausf\u00fchrung fortsetzen, da Angebote h\u00e4ufig zur Grundlage der Auftragsbest\u00e4tigung gemacht werden. Hier kann eine Hilfestellung von unabh\u00e4ngiger und kompetenter Seite Gold wert sein. Der Angebotscheck bietet diese Unterst\u00fctzung f\u00fcr solarthermische und photovoltaische Anlagen auf Ein- und Zweifamilienh\u00e4usern.<br \/>\n<strong><br \/>\n<em>Die Pr\u00fcfung im Detail<\/em><\/strong><\/p>\n<p class=\"bodytext\">Der Angebotscheck ist im Wesentlichen eine Bewertung der folgenden Aspekte:<\/p>\n<p class=\"bodytext\">1. Passt das Angebot zum Kundenwunsch?<br \/>\n2. Ist das Angebot vollst\u00e4ndig?<br \/>\n3. Liegt der Angebotspreis im markt\u00fcblichen Rahmen?<br \/>\n4. Wie ist das Angebot insgesamt zu bewerten?<\/p>\n<ul>\n<li>Zu 1: In einem Telefonat werden die Vorstellungen und Erwartungen des Hausbesitzers in Bezug auf die zuk\u00fcnftige Solaranlage gekl\u00e4rt. Zun\u00e4chst muss gekl\u00e4rt werden, ob die solarthermische Anlage beispielsweise auch die Heizung unterst\u00fctzen soll bzw. wie autark man sich mit der Solarstromanlage machen m\u00f6chte. Auch Rahmenbedingungen wie die Verschattungssituation f\u00fcr die zuk\u00fcnftigen Kollektoren bzw. Module auf dem Dach wird hierbei abgefragt. Daraus kann dann abgeleitet werden, ob das Anlagenkonzept und die Gr\u00f6\u00dfe der angebotenen Komponenten zum Kundenwunsch passen.<\/li>\n<li>Zu 2: Fehlen in einem Angebot wichtige Unterlagen oder Angaben, hat der Bauherr sp\u00e4ter schlechtere Chancen, Nachbesserungen vom Installateur zu fordern. Auf der Basis einer Checkliste, welche die Mindestanforderungen an Unterlagen und Angaben enth\u00e4lt, wird gepr\u00fcft ob das vorliegende Angebot alle gew\u00fcnschten Komponenten enth\u00e4lt. Hierbei werden auch die Zahlungsbedingungen und das Vorliegen von Produktunterlagen abgefragt.<\/li>\n<li>Zu 3: Die spezifischen Anlagekosten (inkl. Montage, netto), d.h. Anlagekosten pro m2 Absorberfl\u00e4che bzw. pro kWp angebotener Leistung werden in Beziehung zu den markt\u00fcblichen Preisen dargestellt.<\/li>\n<li>Zu 4: Im Abschnitt \u201eBewertung\u201c erfolgt eine zusammenfassende Betrachtung mit abschlie\u00dfendem Kommentar, welches Angebot eher zu empfehlen ist und\/oder welche Punkte nachgeliefert bzw. mit dem Installationsunternehmen nachverhandelt werden m\u00fcssen.<\/li>\n<\/ul>\n<p class=\"bodytext\"><em><strong><br \/>\nKosten und Nutzen<\/strong><br \/>\n<\/em>Die Kosten f\u00fcr den Angebotscheck liegen f\u00fcr DGS-Mitglieder bei 50 Euro, Nichtmitglieder erhalten ihn f\u00fcr 75 Euro. F\u00fcr Mitglieder von verb\u00fcndeten Verb\u00e4nden, wie dem Bund der Energieverbraucher,\u00a0 gilt eine Erm\u00e4\u00dfigung von 20%.<br \/>\nDer Angebotscheck lohnt sich in jedem Fall, denn er sch\u00fctzt vor unseri\u00f6sen Angeboten und Fehlinvestitionen und gibt Tipps zur Optimierung von Angeboten, kurzum: er bietet eine wertvolle Entscheidungshilfe. Der Angebotscheck bewertet Photovoltaikanlagen mit einer maximalen Anlagengr\u00f6\u00dfe von 10 kWp. Bei Solarthermischen Anlagen ist der Check auf den Ein- bzw. und Zweifamilienhausbereich beschr\u00e4nkt.<\/p>\n<p class=\"bodytext\">Die Angebote sind m\u00f6glichst als pdf per Email einzusenden an folgende Adresse: <span style=\"color: #b35900;\"><a class=\"mail\" style=\"color: #b35900;\" title=\"Opens window for sending email\" href=\"mailto:info@solarzentrum-hamburg.de\">info@solarzentrum-hamburg.de<\/a><\/span><\/p>\n<\/div>\n<div class=\"csc-textpic-imagewrap\">\n<div class=\"csc-textpic-image csc-textpic-last\"><\/div>\n<\/div>\n<\/div>\n<\/div>\n<\/div>\n<\/div>\n<\/div>\n<div id=\"rechts\">\n<div id=\"cloudspace\" class=\"trenner\"><\/div>\n<div class=\"trenner\"><\/div>\n<div id=\"c11681\" class=\"csc-default\"><\/div>\n<div id=\"c14088\" class=\"csc-default\"><\/div>\n<div id=\"c14601\" class=\"csc-default\"><\/div>\n<div id=\"c12335\" class=\"csc-default\"><\/div>\n<div id=\"c15159\" class=\"csc-default\"><\/div>\n<div id=\"c14298\" class=\"csc-default\"><\/div>\n<\/div>\n<div><\/div>\n<\/div>\n<div id=\"footer\"><\/div>\n","protected":false},"excerpt":{"rendered":"<p>&nbsp; Drum pr\u00fcfe, wer sich ewig bindet Jeder, der sich eine Solarw\u00e4rme- oder Solarstromanlage auf dem eigenen Haus installieren lassen m\u00f6chte, hat fr\u00fcher oder sp\u00e4ter ein oder mehrere Angebote eines Installationsbetriebs auf dem Tisch, mit dem bzw. mit denen er sich besch\u00e4ftigen muss. In dieser Situation stellt sich h\u00e4ufig die Frage, inwieweit das vorliegende Angebot [&hellip;]<\/p>\n","protected":false},"author":4,"featured_media":0,"parent":707,"menu_order":0,"comment_status":"closed","ping_status":"closed","template":"","meta":{"footnotes":""},"class_list":["post-3501","page","type-page","status-publish","hentry"],"_links":{"self":[{"href":"https:\/\/www.solarzentrum-hamburg.de\/index.php?rest_route=\/wp\/v2\/pages\/3501","targetHints":{"allow":["GET"]}}],"collection":[{"href":"https:\/\/www.solarzentrum-hamburg.de\/index.php?rest_route=\/wp\/v2\/pages"}],"about":[{"href":"https:\/\/www.solarzentrum-hamburg.de\/index.php?rest_route=\/wp\/v2\/types\/page"}],"author":[{"embeddable":true,"href":"https:\/\/www.solarzentrum-hamburg.de\/index.php?rest_route=\/wp\/v2\/users\/4"}],"replies":[{"embeddable":true,"href":"https:\/\/www.solarzentrum-hamburg.de\/index.php?rest_route=%2Fwp%2Fv2%2Fcomments&post=3501"}],"version-history":[{"count":8,"href":"https:\/\/www.solarzentrum-hamburg.de\/index.php?rest_route=\/wp\/v2\/pages\/3501\/revisions"}],"predecessor-version":[{"id":4378,"href":"https:\/\/www.solarzentrum-hamburg.de\/index.php?rest_route=\/wp\/v2\/pages\/3501\/revisions\/4378"}],"up":[{"embeddable":true,"href":"https:\/\/www.solarzentrum-hamburg.de\/index.php?rest_route=\/wp\/v2\/pages\/707"}],"wp:attachment":[{"href":"https:\/\/www.solarzentrum-hamburg.de\/index.php?rest_route=%2Fwp%2Fv2%2Fmedia&parent=3501"}],"curies":[{"name":"wp","href":"https:\/\/api.w.org\/{rel}","templated":true}]}}