{"id":250,"date":"2015-11-13T18:01:15","date_gmt":"2015-11-13T17:01:15","guid":{"rendered":"http:\/\/szh.bavariansocialclub.de\/?page_id=250"},"modified":"2024-07-04T11:38:00","modified_gmt":"2024-07-04T09:38:00","slug":"impressum","status":"publish","type":"page","link":"https:\/\/www.solarzentrum-hamburg.de\/?page_id=250","title":{"rendered":"Impressum"},"content":{"rendered":"<div id=\"pl-250\"  class=\"panel-layout\" ><div id=\"pg-250-0\"  class=\"panel-grid panel-no-style\" ><div id=\"pgc-250-0-0\"  class=\"panel-grid-cell panel-grid-cell-mobile-last\" ><div id=\"panel-250-0-0-0\" class=\"so-panel widget_sow-editor panel-first-child panel-last-child\" data-index=\"0\" ><div\n\t\t\t\n\t\t\tclass=\"so-widget-sow-editor so-widget-sow-editor-base\"\n\t\t\t\n\t\t><h2>Impressum<\/h2>\n<div class=\"siteorigin-widget-tinymce textwidget\">\n\t<\/div>\n<\/div><\/div><\/div><div id=\"pgc-250-0-1\"  class=\"panel-grid-cell panel-grid-cell-empty\" ><\/div><\/div><div id=\"pg-250-1\"  class=\"panel-grid panel-no-style\" ><div id=\"pgc-250-1-0\"  class=\"panel-grid-cell\" ><div id=\"panel-250-1-0-0\" class=\"so-panel widget_sow-editor panel-first-child panel-last-child\" data-index=\"1\" ><div\n\t\t\t\n\t\t\tclass=\"so-widget-sow-editor so-widget-sow-editor-base\"\n\t\t\t\n\t\t>\n<div class=\"siteorigin-widget-tinymce textwidget\">\n\t<h4>Haftungsausschluss<\/h4>\n<p>Die Handwerkskammer Hamburg \u00fcbernimmt keine Haftung oder Garantie f\u00fcr die Richtigkeit und Vollst\u00e4ndigkeit der auf dieser Website bereitgestellten Informationen und beh\u00e4lt sich das Recht vor, ohne vorherige Ank\u00fcndigung \u00c4nderungen oder Erg\u00e4nzungen der bereitgestellten Informationen vorzunehmen.<\/p>\n<p>Die Handwerkskammer Hamburg haftet nicht f\u00fcr direkte oder indirekte Sch\u00e4den, einschlie\u00dflich entgangenen Gewinns, die in Verbindung mit auf dieser Website enthaltenen Informationen entstehen k\u00f6nnten.<\/p>\n<p>Wir \u00fcbernehmen ferner keine Haftung f\u00fcr die Inhalte anderer Websites, die Sie \u00fcber Hyperlinks vom Angebot der Handwerkskammer Hamburg und der Handwerker-Suchmaschine aus besuchen k\u00f6nnen. Hierbei handelt es sich um fremde Angebote, auf deren inhaltliche Gestaltung die Handwerkskammer Hamburg keinen Einfluss hat. Diese Hyperlinks sind eine Serviceleistung der Handwerkskammer Hamburg. Sie ist f\u00fcr die Inhalte jedoch nicht verantwortlich.<\/p>\n<p>Sollten Sie Kenntnis von rechtswidrigen Inhalten von Websites anderer Anbieter erhalten, die Sie \u00fcber unser Angebot per Hyperlink besuchen k\u00f6nnen, bitten wir um einen Hinweis, damit wir den Verweis auf das entsprechende Angebot aufheben k\u00f6nnen.<\/p>\n<p>Die Handwerkskammer Hamburg ist eine K\u00f6rperschaft des \u00f6ffentlichen Rechts. Sie wird gem\u00e4\u00df \u00a7 109 des Gesetzes zur Ordnung des Handwerks (HwO) gerichtlich und au\u00dfergerichtlich durch den Pr\u00e4sidenten Hjalmar Stemmann und den Hauptgesch\u00e4ftsf\u00fchrer Christoph Herting vertreten.<\/p>\n<p>Die Inhalte dieses Internetangebots (Text und Bild) sind urheberrechtlich gesch\u00fctzt. Die Verwendung durch \u00dcbernahme in andere Internetangebote oder Verbreitung ist nur mit Genehmigung der Online-Redaktion der Handwerkskammer Hamburg gestattet.<\/p>\n<p>Die Handwerkskammer Hamburg ist eine K\u00f6rperschaft des \u00d6ffentlichen Rechts. Sie wird gem\u00e4\u00df \u00a7 109 des Gesetzes zur Ordnung des Handwerks (<a title=\"\u00d6ffnet externen Link zur Handwerksordnung (HwO) in der Gesetzesammlung des Bundesministeriums der Justiz und f\u00fcr Verbraucherschutz im separaten Fenster. \" href=\"https:\/\/www.gesetze-im-internet.de\/hwo\/index.html\" target=\"_blank\" rel=\"noopener\">HwO<\/a>) gerichtlich und au\u00dfergerichtlich durch den Pr\u00e4sidenten Hjalmar Stemmann und den Hauptgesch\u00e4ftsf\u00fchrer Christoph Herting vertreten.<\/p>\n<p><strong>Verantwortlicher gem\u00e4\u00df\u00a0 \u00a75 DDG:<\/strong><\/p>\n<p><b>Handwerkskammer Hamburg<\/b><br \/>\nHauptgesch\u00e4ftsf\u00fchrer Christoph Herting<br \/>\nHolstenwall 12<br \/>\n20355 Hamburg<\/p>\n<p>Telefon: 040\/35905-0<br \/>\nFax: 040\/35905-208<br \/>\nE-Mail:\u00a0<a>datenschutz(at)hwk-hamburg.de<\/a><\/p>\n<h4>Datenschutzbestimmung<\/h4>\n<p>Ihre \u00fcbermittelten Daten behandeln wir entsprechend den gesetzlichen Bestimmungen streng vertraulich.\u00a0 Eine unberechtigte\u00a0 Weitergabe an Dritte erfolgt nicht.\u00a0 Wir nutzen Ihre pers\u00f6nlichen Daten nur zweckgebunden.<\/p>\n<\/div>\n<\/div><\/div><\/div><div id=\"pgc-250-1-1\"  class=\"panel-grid-cell\" ><div id=\"panel-250-1-1-0\" class=\"so-panel widget_sow-editor panel-first-child panel-last-child\" data-index=\"2\" ><div\n\t\t\t\n\t\t\tclass=\"so-widget-sow-editor so-widget-sow-editor-base\"\n\t\t\t\n\t\t>\n<div class=\"siteorigin-widget-tinymce textwidget\">\n\t<p><strong>Herausgeber: <\/strong><br \/>\nSolarZentrum Hamburg<\/p>\n<p>ELBCAMPUS Kompetenzzentrum<br \/>\nHandwerkskammer Hamburg<br \/>\nZum Handwerkszentrum 1<br \/>\n21079 Hamburg<\/p>\n<p>Telefon: 04035905-0<\/p>\n<p>E-Mail: solarzentrum@elbcampus.de<\/p>\n<p>Website: <a href=\"https:\/\/www.solarzentrum-hamburg.de\">www.solarzentrum-hamburg.de<\/a><\/p>\n<p><strong>Bernhard Weyres-Borchert (DGS)<\/strong><br \/>\n<a href=\"mailto:weyres-borchert@dgs.de\">weyres-borchert@dgs.de<\/a><\/p>\n<p><strong>Kai H\u00fcnem\u00f6rder (ZEWU)<br \/>\n<\/strong><a href=\"mailto:kai.huenemoerder@elbcampus.de\">kai.huenemoerder@elbcampus.de<\/a><\/p>\n<\/div>\n<\/div><\/div><\/div><div id=\"pgc-250-1-2\"  class=\"panel-grid-cell\" ><div id=\"panel-250-1-2-0\" class=\"so-panel widget_sow-editor panel-first-child panel-last-child\" data-index=\"3\" ><div\n\t\t\t\n\t\t\tclass=\"so-widget-sow-editor so-widget-sow-editor-base\"\n\t\t\t\n\t\t>\n<div class=\"siteorigin-widget-tinymce textwidget\">\n\t<p><strong>Fotos<br \/>\n<\/strong><a href=\"http:\/\/www.timgerdts.com\" target=\"_blank\" rel=\"noopener\">www.timgerdts.com<\/a><br \/>\nwww.thinkstockphotos.de<br \/>\nwww.shutterstock.com<br \/>\nSolarZentrum Hamburg<br \/>\nELBCAMPUS<\/p>\n<p><strong>Konzeption und Gestaltun<\/strong>g<br \/>\n<a href=\"http:\/\/www.bludovsky.net\" target=\"_blank\" rel=\"noopener\">www.bludovsky.net<\/a><\/p>\n<p><strong>Programmierung<\/strong><br \/>\n<a href=\"http:\/\/www.bavariansocialclub.de\" target=\"_blank\" rel=\"noopener\">www.bavariansocialclub.de<\/a><\/p>\n<\/div>\n<\/div><\/div><\/div><\/div><div id=\"pg-250-2\"  class=\"panel-grid panel-no-style\" ><div id=\"pgc-250-2-0\"  class=\"panel-grid-cell panel-grid-cell-empty\" ><\/div><\/div><div id=\"pg-250-3\"  class=\"panel-grid panel-no-style\" ><div id=\"pgc-250-3-0\"  class=\"panel-grid-cell panel-grid-cell-empty\" ><\/div><div id=\"pgc-250-3-1\"  class=\"panel-grid-cell panel-grid-cell-empty\" ><\/div><div id=\"pgc-250-3-2\"  class=\"panel-grid-cell panel-grid-cell-empty panel-grid-cell-mobile-last\" ><\/div><div id=\"pgc-250-3-3\"  class=\"panel-grid-cell panel-grid-cell-empty\" ><\/div><\/div><\/div>","protected":false},"excerpt":{"rendered":"<p>Haftungsausschluss Die Handwerkskammer Hamburg \u00fcbernimmt keine Haftung oder Garantie f\u00fcr die Richtigkeit und Vollst\u00e4ndigkeit der auf dieser Website bereitgestellten Informationen und beh\u00e4lt sich das Recht vor, ohne vorherige Ank\u00fcndigung \u00c4nderungen oder Erg\u00e4nzungen der bereitgestellten Informationen vorzunehmen. Die Handwerkskammer Hamburg haftet nicht f\u00fcr direkte oder indirekte Sch\u00e4den, einschlie\u00dflich entgangenen Gewinns, die in Verbindung mit auf dieser [&hellip;]<\/p>\n","protected":false},"author":4,"featured_media":0,"parent":0,"menu_order":9,"comment_status":"closed","ping_status":"closed","template":"page-full-width-sub.php","meta":{"footnotes":""},"class_list":["post-250","page","type-page","status-publish","hentry"],"_links":{"self":[{"href":"https:\/\/www.solarzentrum-hamburg.de\/index.php?rest_route=\/wp\/v2\/pages\/250","targetHints":{"allow":["GET"]}}],"collection":[{"href":"https:\/\/www.solarzentrum-hamburg.de\/index.php?rest_route=\/wp\/v2\/pages"}],"about":[{"href":"https:\/\/www.solarzentrum-hamburg.de\/index.php?rest_route=\/wp\/v2\/types\/page"}],"author":[{"embeddable":true,"href":"https:\/\/www.solarzentrum-hamburg.de\/index.php?rest_route=\/wp\/v2\/users\/4"}],"replies":[{"embeddable":true,"href":"https:\/\/www.solarzentrum-hamburg.de\/index.php?rest_route=%2Fwp%2Fv2%2Fcomments&post=250"}],"version-history":[{"count":35,"href":"https:\/\/www.solarzentrum-hamburg.de\/index.php?rest_route=\/wp\/v2\/pages\/250\/revisions"}],"predecessor-version":[{"id":4266,"href":"https:\/\/www.solarzentrum-hamburg.de\/index.php?rest_route=\/wp\/v2\/pages\/250\/revisions\/4266"}],"wp:attachment":[{"href":"https:\/\/www.solarzentrum-hamburg.de\/index.php?rest_route=%2Fwp%2Fv2%2Fmedia&parent=250"}],"curies":[{"name":"wp","href":"https:\/\/api.w.org\/{rel}","templated":true}]}}